{"id":1360,"date":"2024-04-19T07:54:16","date_gmt":"2024-04-19T05:54:16","guid":{"rendered":"https:\/\/c10n1ubibib.preview.infomaniak.website\/startseite\/"},"modified":"2025-05-16T14:45:32","modified_gmt":"2025-05-16T12:45:32","slug":"startseite","status":"publish","type":"page","link":"https:\/\/webshop.pharmatic.ch\/de\/","title":{"rendered":"Startseite"},"content":{"rendered":"\t\t<div data-elementor-type=\"wp-page\" data-elementor-id=\"1360\" class=\"elementor elementor-1360 elementor-22\" data-elementor-post-type=\"page\">\n\t\t\t\t<div class=\"elementor-element elementor-element-64fd6ff e-flex e-con-boxed e-con e-parent\" data-id=\"64fd6ff\" data-element_type=\"container\" data-settings=\"{&quot;background_background&quot;:&quot;classic&quot;}\">\n\t\t\t\t\t<div class=\"e-con-inner\">\n\t\t\t\t<div class=\"elementor-element elementor-element-3b94879 elementor-widget elementor-widget-heading\" data-id=\"3b94879\" data-element_type=\"widget\" data-widget_type=\"heading.default\">\n\t\t\t\t\t<h2 class=\"elementor-heading-title elementor-size-default\">IT-L\u00f6sungen f\u00fcr Apotheken und Drogerien\n\n<\/h2>\t\t\t\t<\/div>\n\t\t\t\t<div class=\"elementor-element elementor-element-a6f7d8d elementor-align-left elementor-widget elementor-widget-button\" data-id=\"a6f7d8d\" data-element_type=\"widget\" data-widget_type=\"button.default\">\n\t\t\t\t\t\t\t\t\t\t<a class=\"elementor-button elementor-button-link elementor-size-sm\" href=\"https:\/\/webshop.pharmatic.ch\/boutique\/\">\n\t\t\t\t\t\t<span class=\"elementor-button-content-wrapper\">\n\t\t\t\t\t\t\t\t\t<span class=\"elementor-button-text\">Sehen Sie sich unsere Produkte an<\/span>\n\t\t\t\t\t<\/span>\n\t\t\t\t\t<\/a>\n\t\t\t\t\t\t\t\t<\/div>\n\t\t\t\t\t<\/div>\n\t\t\t\t<\/div>\n\t\t<div class=\"elementor-element elementor-element-9d0b99e e-flex e-con-boxed e-con e-parent\" data-id=\"9d0b99e\" data-element_type=\"container\">\n\t\t\t\t\t<div class=\"e-con-inner\">\n\t\t<div class=\"elementor-element elementor-element-218a8d7 e-con-full e-flex e-con e-child\" data-id=\"218a8d7\" data-element_type=\"container\">\n\t\t\t\t<div class=\"elementor-element elementor-element-215a649 elementor-widget elementor-widget-heading\" data-id=\"215a649\" data-element_type=\"widget\" data-widget_type=\"heading.default\">\n\t\t\t\t\t<h2 class=\"elementor-heading-title elementor-size-default\">Die Schn\u00e4ppchenecke<\/h2>\t\t\t\t<\/div>\n\t\t\t\t<div class=\"elementor-element elementor-element-d75e500 elementor-widget elementor-widget-text-editor\" data-id=\"d75e500\" data-element_type=\"widget\" data-widget_type=\"text-editor.default\">\n\t\t\t\t\t\t\t\t\t<p>Verpassen Sie nicht unsere Schn\u00e4ppchenecke, wo attraktive Preise auf Sie warten! Besuchen Sie unseren Sonderbereich, um von diesen zeitlich begrenzten Angeboten zu profitieren und bei Ihrem Einkauf viel Geld zu sparen.<\/p>\t\t\t\t\t\t\t\t<\/div>\n\t\t\t\t<div class=\"elementor-element elementor-element-921ba33 elementor-widget elementor-widget-button\" data-id=\"921ba33\" data-element_type=\"widget\" data-widget_type=\"button.default\">\n\t\t\t\t\t\t\t\t\t\t<a class=\"elementor-button elementor-button-link elementor-size-sm\" href=\"https:\/\/webshop.pharmatic.ch\/de\/produkt-kategorie\/gute-angebote\/\">\n\t\t\t\t\t\t<span class=\"elementor-button-content-wrapper\">\n\t\t\t\t\t\t\t\t\t<span class=\"elementor-button-text\">Siehe mehr<\/span>\n\t\t\t\t\t<\/span>\n\t\t\t\t\t<\/a>\n\t\t\t\t\t\t\t\t<\/div>\n\t\t\t\t<\/div>\n\t\t<div class=\"elementor-element elementor-element-decbeec e-con-full e-flex e-con e-child\" data-id=\"decbeec\" data-element_type=\"container\">\n\t\t\t\t<div class=\"elementor-element elementor-element-afe9e9f elementor-widget elementor-widget-image\" data-id=\"afe9e9f\" data-element_type=\"widget\" data-widget_type=\"image.default\">\n\t\t\t\t\t\t\t\t\t\t\t\t\t\t\t<img fetchpriority=\"high\" decoding=\"async\" width=\"512\" height=\"512\" src=\"https:\/\/webshop.pharmatic.ch\/wp-content\/uploads\/2024\/05\/good-deal.png\" class=\"attachment-large size-large wp-image-2077\" alt=\"\" srcset=\"https:\/\/webshop.pharmatic.ch\/wp-content\/uploads\/2024\/05\/good-deal.png 512w, https:\/\/webshop.pharmatic.ch\/wp-content\/uploads\/2024\/05\/good-deal-300x300.png 300w, https:\/\/webshop.pharmatic.ch\/wp-content\/uploads\/2024\/05\/good-deal-150x150.png 150w, https:\/\/webshop.pharmatic.ch\/wp-content\/uploads\/2024\/05\/good-deal-100x100.png 100w\" sizes=\"(max-width: 512px) 100vw, 512px\" \/>\t\t\t\t\t\t\t\t\t\t\t\t\t\t\t<\/div>\n\t\t\t\t<\/div>\n\t\t\t\t\t<\/div>\n\t\t\t\t<\/div>\n\t\t\t\t<\/div>\n\t\t","protected":false},"excerpt":{"rendered":"<p>IT-L\u00f6sungen f\u00fcr Apotheken und Drogerien Sehen Sie sich unsere Produkte an Die Schn\u00e4ppchenecke Verpassen Sie nicht unsere Schn\u00e4ppchenecke, wo attraktive Preise auf Sie warten! Besuchen Sie unseren Sonderbereich, um von diesen zeitlich begrenzten Angeboten zu profitieren und bei Ihrem Einkauf viel Geld zu sparen. Siehe mehr<\/p>\n","protected":false},"author":4,"featured_media":0,"parent":0,"menu_order":0,"comment_status":"closed","ping_status":"closed","template":"","meta":{"footnotes":""},"class_list":["post-1360","page","type-page","status-publish","hentry"],"_links":{"self":[{"href":"https:\/\/webshop.pharmatic.ch\/de\/wp-json\/wp\/v2\/pages\/1360","targetHints":{"allow":["GET"]}}],"collection":[{"href":"https:\/\/webshop.pharmatic.ch\/de\/wp-json\/wp\/v2\/pages"}],"about":[{"href":"https:\/\/webshop.pharmatic.ch\/de\/wp-json\/wp\/v2\/types\/page"}],"author":[{"embeddable":true,"href":"https:\/\/webshop.pharmatic.ch\/de\/wp-json\/wp\/v2\/users\/4"}],"replies":[{"embeddable":true,"href":"https:\/\/webshop.pharmatic.ch\/de\/wp-json\/wp\/v2\/comments?post=1360"}],"version-history":[{"count":15,"href":"https:\/\/webshop.pharmatic.ch\/de\/wp-json\/wp\/v2\/pages\/1360\/revisions"}],"predecessor-version":[{"id":3860,"href":"https:\/\/webshop.pharmatic.ch\/de\/wp-json\/wp\/v2\/pages\/1360\/revisions\/3860"}],"wp:attachment":[{"href":"https:\/\/webshop.pharmatic.ch\/de\/wp-json\/wp\/v2\/media?parent=1360"}],"curies":[{"name":"wp","href":"https:\/\/api.w.org\/{rel}","templated":true}]}}