{"id":1585,"date":"2024-04-29T09:58:10","date_gmt":"2024-04-29T07:58:10","guid":{"rendered":"https:\/\/c10n1ubibib.preview.infomaniak.website\/produit\/brother-hl-8260dw-kopieren\/"},"modified":"2025-03-05T11:29:11","modified_gmt":"2025-03-05T10:29:11","slug":"brother-hl-8260dw-kopieren","status":"publish","type":"product","link":"https:\/\/webshop.pharmatic.ch\/de\/produit\/brother-hl-8260dw-kopieren\/","title":{"rendered":"Brother MFCL8390CDW"},"content":{"rendered":"<ul>\n<li>Farbe<\/li>\n<li>A6 Druck<\/li>\n<li>Vorder- und R\u00fcckseite<\/li>\n<li>F\u00e4cher: 2x intern (550 + 550)<br \/>\n1x manuell (100)<\/li>\n<li>H\u00f6he der Zusatzfach: 5.61cm<\/li>\n<li>Nutzung: haupts\u00e4chlich<\/li>\n<li>2 Jahre Vor-Ort-Garantie<\/li>\n<\/ul>\n","protected":false},"excerpt":{"rendered":"<p>Farbe A6 Druck Vorder- und R\u00fcckseite F\u00e4cher: 2x intern (550 + 550) 1x manuell (100) H\u00f6he der Zusatzfach: 5.61cm Nutzung: haupts\u00e4chlich 2 Jahre Vor-Ort-Garantie<\/p>\n","protected":false},"featured_media":1185,"template":"","meta":[],"product_brand":[],"product_cat":[114,82],"product_tag":[],"class_list":{"0":"post-1585","1":"product","2":"type-product","3":"status-publish","4":"has-post-thumbnail","6":"product_cat-a4-a6-drucker","7":"product_cat-hardware-de","9":"first","10":"instock","11":"taxable","12":"shipping-taxable","13":"purchasable","14":"product-type-variable"},"_links":{"self":[{"href":"https:\/\/webshop.pharmatic.ch\/de\/wp-json\/wp\/v2\/product\/1585","targetHints":{"allow":["GET"]}}],"collection":[{"href":"https:\/\/webshop.pharmatic.ch\/de\/wp-json\/wp\/v2\/product"}],"about":[{"href":"https:\/\/webshop.pharmatic.ch\/de\/wp-json\/wp\/v2\/types\/product"}],"wp:featuredmedia":[{"embeddable":true,"href":"https:\/\/webshop.pharmatic.ch\/de\/wp-json\/wp\/v2\/media\/1185"}],"wp:attachment":[{"href":"https:\/\/webshop.pharmatic.ch\/de\/wp-json\/wp\/v2\/media?parent=1585"}],"wp:term":[{"taxonomy":"product_brand","embeddable":true,"href":"https:\/\/webshop.pharmatic.ch\/de\/wp-json\/wp\/v2\/product_brand?post=1585"},{"taxonomy":"product_cat","embeddable":true,"href":"https:\/\/webshop.pharmatic.ch\/de\/wp-json\/wp\/v2\/product_cat?post=1585"},{"taxonomy":"product_tag","embeddable":true,"href":"https:\/\/webshop.pharmatic.ch\/de\/wp-json\/wp\/v2\/product_tag?post=1585"}],"curies":[{"name":"wp","href":"https:\/\/api.w.org\/{rel}","templated":true}]}}